{"id":1006,"date":"2019-09-23T13:15:32","date_gmt":"2019-09-23T13:15:32","guid":{"rendered":"http:\/\/htd.pebbler.be\/grand-hotel-huis-ter-duin\/"},"modified":"2026-01-05T10:36:38","modified_gmt":"2026-01-05T10:36:38","slug":"van-diepingen-lounge-homepage","status":"publish","type":"page","link":"https:\/\/restaurantlaterrasse.nl\/de\/","title":{"rendered":"La Terrasse<br> Die Brasserie von Noordwijk"},"content":{"rendered":"<div class=\"flex-shrink-0 flex flex-col relative items-end\">\n<div>\n<div class=\"pt-0.5 juice:pt-0\">\n<div class=\"gizmo-bot-avatar flex h-6 w-6 items-center justify-center overflow-hidden rounded-full juice:h-8 juice:w-8\">\n<div class=\"relative p-1 rounded-sm flex items-center justify-center bg-token-main-surface-primary text-token-text-primary h-8 w-8\">An der Meerseite von Huis ter Duin gelegen, bietet La Terrasse einen wundersch\u00f6nen Blick \u00fcber die niederl\u00e4ndische K\u00fcste. Das Team serviert Shared Dishes. Perfekt gegartes Fleisch, k\u00f6stlich zubereitete Fischgerichte und \u00fcberraschende vegetarische Gerichte. Kurz gesagt, bei La Terrasse ist es wunderbar, mit Familie und Freunden zu speisen<\/div>\n<\/div>\n<\/div>\n<\/div>\n<\/div>\n","protected":false},"excerpt":{"rendered":"<p>An der Meerseite von Huis ter Duin gelegen, bietet La Terrasse einen wundersch\u00f6nen Blick \u00fcber die niederl\u00e4ndische K\u00fcste. Das Team serviert Shared Dishes. Perfekt gegartes Fleisch, k\u00f6stlich zubereitete Fischgerichte und \u00fcberraschende vegetarische Gerichte. Kurz gesagt, bei La Terrasse ist es wunderbar, mit Familie und Freunden zu speisen<\/p>\n","protected":false},"author":1,"featured_media":7700,"parent":0,"menu_order":0,"comment_status":"closed","ping_status":"closed","template":"page-home.php","meta":{"_acf_changed":false,"footnotes":""},"class_list":["post-1006","page","type-page","status-publish","has-post-thumbnail","hentry"],"acf":[],"yoast_head":"<!-- This site is optimized with the Yoast SEO plugin v26.8 - https:\/\/yoast.com\/product\/yoast-seo-wordpress\/ -->\n<title>La Terrasse Die Brasserie von Noordwijk ***** in Noordwijk aan Zee<\/title>\n<meta name=\"description\" content=\"An de Meerseite von Huis ter Duin gelegen, bietet La Terrasse einen wundersch\u00f6nen Blick \u00fcber die niederl\u00e4ndische K\u00fcste. Das Team serviert...\" \/>\n<meta name=\"robots\" content=\"index, follow, max-snippet:-1, max-image-preview:large, max-video-preview:-1\" \/>\n<link rel=\"canonical\" href=\"https:\/\/restaurantlaterrasse.nl\/de\/\" \/>\n<meta property=\"og:locale\" content=\"de_DE\" \/>\n<meta property=\"og:type\" content=\"article\" \/>\n<meta property=\"og:title\" content=\"La Terrasse Die Brasserie von Noordwijk ***** in Noordwijk aan Zee\" \/>\n<meta property=\"og:description\" content=\"An de Meerseite von Huis ter Duin gelegen, bietet La Terrasse einen wundersch\u00f6nen Blick \u00fcber die niederl\u00e4ndische K\u00fcste. Das Team serviert...\" \/>\n<meta property=\"og:url\" content=\"https:\/\/restaurantlaterrasse.nl\/de\/\" \/>\n<meta property=\"og:site_name\" content=\"La Terrasse - Huis ter Duin Noordwijk\" \/>\n<meta property=\"article:modified_time\" content=\"2026-01-05T10:36:38+00:00\" \/>\n<meta property=\"og:image\" content=\"https:\/\/restaurantlaterrasse.nl\/wp-content\/uploads\/2024\/12\/LDDK-20241024-0012.jpg\" \/>\n\t<meta property=\"og:image:width\" content=\"1536\" \/>\n\t<meta property=\"og:image:height\" content=\"1920\" \/>\n\t<meta property=\"og:image:type\" content=\"image\/jpeg\" \/>\n<meta name=\"twitter:card\" content=\"summary_large_image\" \/>\n<meta name=\"twitter:label1\" content=\"Gesch\u00e4tzte Lesezeit\" \/>\n\t<meta name=\"twitter:data1\" content=\"1\u00a0Minute\" \/>\n<!-- \/ Yoast SEO plugin. -->","yoast_head_json":{"title":"La Terrasse Die Brasserie von Noordwijk ***** in Noordwijk aan Zee","description":"An de Meerseite von Huis ter Duin gelegen, bietet La Terrasse einen wundersch\u00f6nen Blick \u00fcber die niederl\u00e4ndische K\u00fcste. Das Team serviert...","robots":{"index":"index","follow":"follow","max-snippet":"max-snippet:-1","max-image-preview":"max-image-preview:large","max-video-preview":"max-video-preview:-1"},"canonical":"https:\/\/restaurantlaterrasse.nl\/de\/","og_locale":"de_DE","og_type":"article","og_title":"La Terrasse Die Brasserie von Noordwijk ***** in Noordwijk aan Zee","og_description":"An de Meerseite von Huis ter Duin gelegen, bietet La Terrasse einen wundersch\u00f6nen Blick \u00fcber die niederl\u00e4ndische K\u00fcste. Das Team serviert...","og_url":"https:\/\/restaurantlaterrasse.nl\/de\/","og_site_name":"La Terrasse - Huis ter Duin Noordwijk","article_modified_time":"2026-01-05T10:36:38+00:00","og_image":[{"width":1536,"height":1920,"url":"https:\/\/restaurantlaterrasse.nl\/wp-content\/uploads\/2024\/12\/LDDK-20241024-0012.jpg","type":"image\/jpeg"}],"twitter_card":"summary_large_image","twitter_misc":{"Gesch\u00e4tzte Lesezeit":"1\u00a0Minute"},"schema":{"@context":"https:\/\/schema.org","@graph":[{"@type":"WebPage","@id":"https:\/\/restaurantlaterrasse.nl\/de\/","url":"https:\/\/restaurantlaterrasse.nl\/de\/","name":"La Terrasse Die Brasserie von Noordwijk ***** in Noordwijk aan Zee","isPartOf":{"@id":"https:\/\/restaurantlaterrasse.nl\/de\/#website"},"primaryImageOfPage":{"@id":"https:\/\/restaurantlaterrasse.nl\/de\/#primaryimage"},"image":{"@id":"https:\/\/restaurantlaterrasse.nl\/de\/#primaryimage"},"thumbnailUrl":"https:\/\/restaurantlaterrasse.nl\/wp-content\/uploads\/2024\/12\/LDDK-20241024-0012.jpg","datePublished":"2019-09-23T13:15:32+00:00","dateModified":"2026-01-05T10:36:38+00:00","description":"An de Meerseite von Huis ter Duin gelegen, bietet La Terrasse einen wundersch\u00f6nen Blick \u00fcber die niederl\u00e4ndische K\u00fcste. Das Team serviert...","breadcrumb":{"@id":"https:\/\/restaurantlaterrasse.nl\/de\/#breadcrumb"},"inLanguage":"de","potentialAction":[{"@type":"ReadAction","target":["https:\/\/restaurantlaterrasse.nl\/de\/"]}]},{"@type":"ImageObject","inLanguage":"de","@id":"https:\/\/restaurantlaterrasse.nl\/de\/#primaryimage","url":"https:\/\/restaurantlaterrasse.nl\/wp-content\/uploads\/2024\/12\/LDDK-20241024-0012.jpg","contentUrl":"https:\/\/restaurantlaterrasse.nl\/wp-content\/uploads\/2024\/12\/LDDK-20241024-0012.jpg","width":1536,"height":1920},{"@type":"BreadcrumbList","@id":"https:\/\/restaurantlaterrasse.nl\/de\/#breadcrumb","itemListElement":[{"@type":"ListItem","position":1,"name":"Home","item":"https:\/\/restaurantlaterrasse.nl\/de\/"},{"@type":"ListItem","position":2,"name":"La Terrasse Die Brasserie von Noordwijk"}]},{"@type":"WebSite","@id":"https:\/\/restaurantlaterrasse.nl\/de\/#website","url":"https:\/\/restaurantlaterrasse.nl\/de\/","name":"La Terrasse - Huis ter Duin Noordwijk","description":"Fine dining","publisher":{"@id":"https:\/\/restaurantlaterrasse.nl\/de\/#organization"},"potentialAction":[{"@type":"SearchAction","target":{"@type":"EntryPoint","urlTemplate":"https:\/\/restaurantlaterrasse.nl\/de\/?s={search_term_string}"},"query-input":{"@type":"PropertyValueSpecification","valueRequired":true,"valueName":"search_term_string"}}],"inLanguage":"de"},{"@type":"Organization","@id":"https:\/\/restaurantlaterrasse.nl\/de\/#organization","name":"Grand Hotel Huis ter Duin","url":"https:\/\/restaurantlaterrasse.nl\/de\/","logo":{"@type":"ImageObject","inLanguage":"de","@id":"https:\/\/restaurantlaterrasse.nl\/de\/#\/schema\/logo\/image\/","url":"","contentUrl":"","caption":"Grand Hotel Huis ter Duin"},"image":{"@id":"https:\/\/restaurantlaterrasse.nl\/de\/#\/schema\/logo\/image\/"}}]}},"_links":{"self":[{"href":"https:\/\/restaurantlaterrasse.nl\/de\/wp-json\/wp\/v2\/pages\/1006","targetHints":{"allow":["GET"]}}],"collection":[{"href":"https:\/\/restaurantlaterrasse.nl\/de\/wp-json\/wp\/v2\/pages"}],"about":[{"href":"https:\/\/restaurantlaterrasse.nl\/de\/wp-json\/wp\/v2\/types\/page"}],"author":[{"embeddable":true,"href":"https:\/\/restaurantlaterrasse.nl\/de\/wp-json\/wp\/v2\/users\/1"}],"replies":[{"embeddable":true,"href":"https:\/\/restaurantlaterrasse.nl\/de\/wp-json\/wp\/v2\/comments?post=1006"}],"version-history":[{"count":53,"href":"https:\/\/restaurantlaterrasse.nl\/de\/wp-json\/wp\/v2\/pages\/1006\/revisions"}],"predecessor-version":[{"id":7890,"href":"https:\/\/restaurantlaterrasse.nl\/de\/wp-json\/wp\/v2\/pages\/1006\/revisions\/7890"}],"wp:featuredmedia":[{"embeddable":true,"href":"https:\/\/restaurantlaterrasse.nl\/de\/wp-json\/wp\/v2\/media\/7700"}],"wp:attachment":[{"href":"https:\/\/restaurantlaterrasse.nl\/de\/wp-json\/wp\/v2\/media?parent=1006"}],"curies":[{"name":"wp","href":"https:\/\/api.w.org\/{rel}","templated":true}]}}