{"id":3420,"date":"2021-06-25T07:46:17","date_gmt":"2021-06-25T07:46:17","guid":{"rendered":"https:\/\/restaurantlaterrasse.nl\/frequently-asked-questions\/"},"modified":"2022-02-04T08:22:57","modified_gmt":"2022-02-04T08:22:57","slug":"frequently-asked-questions","status":"publish","type":"page","link":"https:\/\/restaurantlaterrasse.nl\/de\/frequently-asked-questions\/","title":{"rendered":"Frequently Asked Questions"},"content":{"rendered":"<p>Die am h\u00e4ufigsten gestellten Fragen lassen sich mit Hilfe der Frequently Asked Quenstion leicht beantworten. Wenn Ihre Frage auf dieser Seite nicht beantwortet werden, k\u00f6nnen Sie sich jederzeit an unsere Mitarbeiter wenden \u00fcber<a href=\"mailto:reservations@huisterduin.com\">reservations@huisterduin.com<\/a> \u00fcber <a href=\"tel:0713619220\">071-3619220<\/a>. Sie helfen Ihnen gerne weiter.<\/p>\n","protected":false},"excerpt":{"rendered":"<p>Die am h\u00e4ufigsten gestellten Fragen lassen sich mit Hilfe der Frequently Asked Quenstion leicht beantworten. Wenn Ihre Frage auf dieser Seite nicht beantwortet werden, k\u00f6nnen Sie sich jederzeit an unsere Mitarbeiter wenden \u00fcberreservations@huisterduin.com \u00fcber 071-3619220. Sie helfen Ihnen gerne weiter.<\/p>\n","protected":false},"author":1,"featured_media":0,"parent":0,"menu_order":0,"comment_status":"closed","ping_status":"closed","template":"page-faq.php","meta":{"_acf_changed":false,"footnotes":""},"class_list":["post-3420","page","type-page","status-publish","hentry"],"acf":[],"yoast_head":"<!-- This site is optimized with the Yoast SEO plugin v26.8 - https:\/\/yoast.com\/product\/yoast-seo-wordpress\/ -->\n<title>Frequently Asked Questions - La Terrasse - Huis ter Duin Noordwijk<\/title>\n<meta name=\"description\" content=\"Die am h\u00e4ufigsten gestellten Fragen lassen sich mit Hilfe der Frequently Asked Quenstion leicht beantworten.\" \/>\n<meta name=\"robots\" content=\"index, follow, max-snippet:-1, max-image-preview:large, max-video-preview:-1\" \/>\n<link rel=\"canonical\" href=\"https:\/\/restaurantlaterrasse.nl\/de\/frequently-asked-questions\/\" \/>\n<meta property=\"og:locale\" content=\"de_DE\" \/>\n<meta property=\"og:type\" content=\"article\" \/>\n<meta property=\"og:title\" content=\"Frequently Asked Questions - La Terrasse - Huis ter Duin Noordwijk\" \/>\n<meta property=\"og:description\" content=\"Die am h\u00e4ufigsten gestellten Fragen lassen sich mit Hilfe der Frequently Asked Quenstion leicht beantworten.\" \/>\n<meta property=\"og:url\" content=\"https:\/\/restaurantlaterrasse.nl\/de\/frequently-asked-questions\/\" \/>\n<meta property=\"og:site_name\" content=\"La Terrasse - Huis ter Duin Noordwijk\" \/>\n<meta property=\"article:modified_time\" content=\"2022-02-04T08:22:57+00:00\" \/>\n<meta name=\"twitter:card\" content=\"summary_large_image\" \/>\n<meta name=\"twitter:label1\" content=\"Gesch\u00e4tzte Lesezeit\" \/>\n\t<meta name=\"twitter:data1\" content=\"1\u00a0Minute\" \/>\n<!-- \/ Yoast SEO plugin. -->","yoast_head_json":{"title":"Frequently Asked Questions - La Terrasse - Huis ter Duin Noordwijk","description":"Die am h\u00e4ufigsten gestellten Fragen lassen sich mit Hilfe der Frequently Asked Quenstion leicht beantworten.","robots":{"index":"index","follow":"follow","max-snippet":"max-snippet:-1","max-image-preview":"max-image-preview:large","max-video-preview":"max-video-preview:-1"},"canonical":"https:\/\/restaurantlaterrasse.nl\/de\/frequently-asked-questions\/","og_locale":"de_DE","og_type":"article","og_title":"Frequently Asked Questions - La Terrasse - Huis ter Duin Noordwijk","og_description":"Die am h\u00e4ufigsten gestellten Fragen lassen sich mit Hilfe der Frequently Asked Quenstion leicht beantworten.","og_url":"https:\/\/restaurantlaterrasse.nl\/de\/frequently-asked-questions\/","og_site_name":"La Terrasse - Huis ter Duin Noordwijk","article_modified_time":"2022-02-04T08:22:57+00:00","twitter_card":"summary_large_image","twitter_misc":{"Gesch\u00e4tzte Lesezeit":"1\u00a0Minute"},"schema":{"@context":"https:\/\/schema.org","@graph":[{"@type":"WebPage","@id":"https:\/\/restaurantlaterrasse.nl\/de\/frequently-asked-questions\/","url":"https:\/\/restaurantlaterrasse.nl\/de\/frequently-asked-questions\/","name":"Frequently Asked Questions - La Terrasse - Huis ter Duin Noordwijk","isPartOf":{"@id":"https:\/\/restaurantlaterrasse.nl\/de\/#website"},"datePublished":"2021-06-25T07:46:17+00:00","dateModified":"2022-02-04T08:22:57+00:00","description":"Die am h\u00e4ufigsten gestellten Fragen lassen sich mit Hilfe der Frequently Asked Quenstion leicht beantworten.","breadcrumb":{"@id":"https:\/\/restaurantlaterrasse.nl\/de\/frequently-asked-questions\/#breadcrumb"},"inLanguage":"de","potentialAction":[{"@type":"ReadAction","target":["https:\/\/restaurantlaterrasse.nl\/de\/frequently-asked-questions\/"]}]},{"@type":"BreadcrumbList","@id":"https:\/\/restaurantlaterrasse.nl\/de\/frequently-asked-questions\/#breadcrumb","itemListElement":[{"@type":"ListItem","position":1,"name":"Home","item":"https:\/\/restaurantlaterrasse.nl\/de\/"},{"@type":"ListItem","position":2,"name":"Frequently Asked Questions"}]},{"@type":"WebSite","@id":"https:\/\/restaurantlaterrasse.nl\/de\/#website","url":"https:\/\/restaurantlaterrasse.nl\/de\/","name":"La Terrasse - Huis ter Duin Noordwijk","description":"Fine dining","publisher":{"@id":"https:\/\/restaurantlaterrasse.nl\/de\/#organization"},"potentialAction":[{"@type":"SearchAction","target":{"@type":"EntryPoint","urlTemplate":"https:\/\/restaurantlaterrasse.nl\/de\/?s={search_term_string}"},"query-input":{"@type":"PropertyValueSpecification","valueRequired":true,"valueName":"search_term_string"}}],"inLanguage":"de"},{"@type":"Organization","@id":"https:\/\/restaurantlaterrasse.nl\/de\/#organization","name":"Grand Hotel Huis ter Duin","url":"https:\/\/restaurantlaterrasse.nl\/de\/","logo":{"@type":"ImageObject","inLanguage":"de","@id":"https:\/\/restaurantlaterrasse.nl\/de\/#\/schema\/logo\/image\/","url":"","contentUrl":"","caption":"Grand Hotel Huis ter Duin"},"image":{"@id":"https:\/\/restaurantlaterrasse.nl\/de\/#\/schema\/logo\/image\/"}}]}},"_links":{"self":[{"href":"https:\/\/restaurantlaterrasse.nl\/de\/wp-json\/wp\/v2\/pages\/3420","targetHints":{"allow":["GET"]}}],"collection":[{"href":"https:\/\/restaurantlaterrasse.nl\/de\/wp-json\/wp\/v2\/pages"}],"about":[{"href":"https:\/\/restaurantlaterrasse.nl\/de\/wp-json\/wp\/v2\/types\/page"}],"author":[{"embeddable":true,"href":"https:\/\/restaurantlaterrasse.nl\/de\/wp-json\/wp\/v2\/users\/1"}],"replies":[{"embeddable":true,"href":"https:\/\/restaurantlaterrasse.nl\/de\/wp-json\/wp\/v2\/comments?post=3420"}],"version-history":[{"count":15,"href":"https:\/\/restaurantlaterrasse.nl\/de\/wp-json\/wp\/v2\/pages\/3420\/revisions"}],"predecessor-version":[{"id":4539,"href":"https:\/\/restaurantlaterrasse.nl\/de\/wp-json\/wp\/v2\/pages\/3420\/revisions\/4539"}],"wp:attachment":[{"href":"https:\/\/restaurantlaterrasse.nl\/de\/wp-json\/wp\/v2\/media?parent=3420"}],"curies":[{"name":"wp","href":"https:\/\/api.w.org\/{rel}","templated":true}]}}