{"id":5110,"date":"2022-05-13T11:57:24","date_gmt":"2022-05-13T11:57:24","guid":{"rendered":"https:\/\/restaurantlaterrasse.nl\/?page_id=5110"},"modified":"2025-03-03T09:36:35","modified_gmt":"2025-03-03T09:36:35","slug":"wir-ueber-la-terrasse","status":"publish","type":"page","link":"https:\/\/restaurantlaterrasse.nl\/de\/wir-ueber-la-terrasse\/","title":{"rendered":"\u00dcber La Terrasse"},"content":{"rendered":"<div class=\"flex-shrink-0 flex flex-col relative items-end\">\n<div class=\"pt-0.5 juice:pt-0\">\n<div class=\"gizmo-bot-avatar flex h-6 w-6 items-center justify-center overflow-hidden rounded-full juice:h-8 juice:w-8\">\n<div class=\"relative p-1 rounded-sm flex items-center justify-center bg-token-main-surface-primary text-token-text-primary h-8 w-8\">\n<div class=\"flex-shrink-0 flex flex-col relative items-end\">\n<div class=\"pt-0.5 juice:pt-0\">\n<div class=\"gizmo-bot-avatar flex h-6 w-6 items-center justify-center overflow-hidden rounded-full juice:h-8 juice:w-8\">\n<div class=\"relative p-1 rounded-sm flex items-center justify-center bg-token-main-surface-primary text-token-text-primary h-8 w-8\">\n<p data-start=\"937\" data-end=\"1177\">Auf der h\u00f6chsten D\u00fcne Noordwijks gelegen, bietet La Terrasse einen atemberaubenden Blick auf die Nordsee. In einer entspannten und einladenden Atmosph\u00e4re k\u00f6nnen Sie ein k\u00f6stliches Mittag- oder Abendessen mit Freunden und Familie genie\u00dfen.<\/p>\n<p data-start=\"1179\" data-end=\"1503\">Unter der Leitung von Chefkoch Bart Slats kreiert das K\u00fcchenteam geschmackvolle Gerichte, die sich perfekt f\u00fcr ein Shared-Dining-Erlebnis eignen. Probieren und teilen Sie kulinarische Kreationen \u2013 von meisterhaft zubereiteten Fleischgerichten \u00fcber feine Fischspezialit\u00e4ten bis hin zu \u00fcberraschenden vegetarischen Optionen.<\/p>\n<p data-start=\"1505\" data-end=\"1820\">Restaurant Manager Nina Droste und ihr Team sorgen daf\u00fcr, dass sich jeder Gast willkommen f\u00fchlt und das entspannte Ambiente sowie den exzellenten Service in vollen Z\u00fcgen genie\u00dfen kann. Bei La Terrasse dreht sich alles um Geselligkeit, gro\u00dfartige Aromen und ein unvergessliches Erlebnis an einem einzigartigen Ort.<\/p>\n<\/div>\n<\/div>\n<\/div>\n<\/div>\n<\/div>\n<\/div>\n<\/div>\n<\/div>\n","protected":false},"excerpt":{"rendered":"<p>Auf der h\u00f6chsten D\u00fcne Noordwijks gelegen, bietet La Terrasse einen atemberaubenden Blick auf die Nordsee. In einer entspannten und einladenden Atmosph\u00e4re k\u00f6nnen Sie ein k\u00f6stliches Mittag- oder Abendessen mit Freunden und Familie genie\u00dfen. Unter der Leitung von Chefkoch Bart Slats kreiert das K\u00fcchenteam geschmackvolle Gerichte, die sich perfekt f\u00fcr ein Shared-Dining-Erlebnis eignen. Probieren und teilen [&hellip;]<\/p>\n","protected":false},"author":1,"featured_media":7413,"parent":0,"menu_order":0,"comment_status":"closed","ping_status":"closed","template":"","meta":{"_acf_changed":false,"footnotes":""},"class_list":["post-5110","page","type-page","status-publish","has-post-thumbnail","hentry"],"acf":[],"yoast_head":"<!-- This site is optimized with the Yoast SEO plugin v26.8 - https:\/\/yoast.com\/product\/yoast-seo-wordpress\/ -->\n<title>\u00dcber La Terrasse - La Terrasse - Huis ter Duin Noordwijk<\/title>\n<meta name=\"robots\" content=\"index, follow, max-snippet:-1, max-image-preview:large, max-video-preview:-1\" \/>\n<link rel=\"canonical\" href=\"https:\/\/restaurantlaterrasse.nl\/de\/wir-ueber-la-terrasse\/\" \/>\n<meta property=\"og:locale\" content=\"de_DE\" \/>\n<meta property=\"og:type\" content=\"article\" \/>\n<meta property=\"og:title\" content=\"\u00dcber La Terrasse - La Terrasse - Huis ter Duin Noordwijk\" \/>\n<meta property=\"og:description\" content=\"Auf der h\u00f6chsten D\u00fcne Noordwijks gelegen, bietet La Terrasse einen atemberaubenden Blick auf die Nordsee. In einer entspannten und einladenden Atmosph\u00e4re k\u00f6nnen Sie ein k\u00f6stliches Mittag- oder Abendessen mit Freunden und Familie genie\u00dfen. Unter der Leitung von Chefkoch Bart Slats kreiert das K\u00fcchenteam geschmackvolle Gerichte, die sich perfekt f\u00fcr ein Shared-Dining-Erlebnis eignen. Probieren und teilen [&hellip;]\" \/>\n<meta property=\"og:url\" content=\"https:\/\/restaurantlaterrasse.nl\/de\/wir-ueber-la-terrasse\/\" \/>\n<meta property=\"og:site_name\" content=\"La Terrasse - Huis ter Duin Noordwijk\" \/>\n<meta property=\"article:modified_time\" content=\"2025-03-03T09:36:35+00:00\" \/>\n<meta property=\"og:image\" content=\"https:\/\/restaurantlaterrasse.nl\/wp-content\/uploads\/2024\/06\/LDDK-20240502-0028.jpg\" \/>\n\t<meta property=\"og:image:width\" content=\"1100\" \/>\n\t<meta property=\"og:image:height\" content=\"1278\" \/>\n\t<meta property=\"og:image:type\" content=\"image\/jpeg\" \/>\n<meta name=\"twitter:card\" content=\"summary_large_image\" \/>\n<meta name=\"twitter:label1\" content=\"Gesch\u00e4tzte Lesezeit\" \/>\n\t<meta name=\"twitter:data1\" content=\"1\u00a0Minute\" \/>\n<!-- \/ Yoast SEO plugin. -->","yoast_head_json":{"title":"\u00dcber La Terrasse - La Terrasse - Huis ter Duin Noordwijk","robots":{"index":"index","follow":"follow","max-snippet":"max-snippet:-1","max-image-preview":"max-image-preview:large","max-video-preview":"max-video-preview:-1"},"canonical":"https:\/\/restaurantlaterrasse.nl\/de\/wir-ueber-la-terrasse\/","og_locale":"de_DE","og_type":"article","og_title":"\u00dcber La Terrasse - La Terrasse - Huis ter Duin Noordwijk","og_description":"Auf der h\u00f6chsten D\u00fcne Noordwijks gelegen, bietet La Terrasse einen atemberaubenden Blick auf die Nordsee. In einer entspannten und einladenden Atmosph\u00e4re k\u00f6nnen Sie ein k\u00f6stliches Mittag- oder Abendessen mit Freunden und Familie genie\u00dfen. Unter der Leitung von Chefkoch Bart Slats kreiert das K\u00fcchenteam geschmackvolle Gerichte, die sich perfekt f\u00fcr ein Shared-Dining-Erlebnis eignen. Probieren und teilen [&hellip;]","og_url":"https:\/\/restaurantlaterrasse.nl\/de\/wir-ueber-la-terrasse\/","og_site_name":"La Terrasse - Huis ter Duin Noordwijk","article_modified_time":"2025-03-03T09:36:35+00:00","og_image":[{"width":1100,"height":1278,"url":"https:\/\/restaurantlaterrasse.nl\/wp-content\/uploads\/2024\/06\/LDDK-20240502-0028.jpg","type":"image\/jpeg"}],"twitter_card":"summary_large_image","twitter_misc":{"Gesch\u00e4tzte Lesezeit":"1\u00a0Minute"},"schema":{"@context":"https:\/\/schema.org","@graph":[{"@type":"WebPage","@id":"https:\/\/restaurantlaterrasse.nl\/de\/wir-ueber-la-terrasse\/","url":"https:\/\/restaurantlaterrasse.nl\/de\/wir-ueber-la-terrasse\/","name":"\u00dcber La Terrasse - La Terrasse - Huis ter Duin Noordwijk","isPartOf":{"@id":"https:\/\/restaurantlaterrasse.nl\/de\/#website"},"primaryImageOfPage":{"@id":"https:\/\/restaurantlaterrasse.nl\/de\/wir-ueber-la-terrasse\/#primaryimage"},"image":{"@id":"https:\/\/restaurantlaterrasse.nl\/de\/wir-ueber-la-terrasse\/#primaryimage"},"thumbnailUrl":"https:\/\/restaurantlaterrasse.nl\/wp-content\/uploads\/2024\/06\/LDDK-20240502-0028.jpg","datePublished":"2022-05-13T11:57:24+00:00","dateModified":"2025-03-03T09:36:35+00:00","breadcrumb":{"@id":"https:\/\/restaurantlaterrasse.nl\/de\/wir-ueber-la-terrasse\/#breadcrumb"},"inLanguage":"de","potentialAction":[{"@type":"ReadAction","target":["https:\/\/restaurantlaterrasse.nl\/de\/wir-ueber-la-terrasse\/"]}]},{"@type":"ImageObject","inLanguage":"de","@id":"https:\/\/restaurantlaterrasse.nl\/de\/wir-ueber-la-terrasse\/#primaryimage","url":"https:\/\/restaurantlaterrasse.nl\/wp-content\/uploads\/2024\/06\/LDDK-20240502-0028.jpg","contentUrl":"https:\/\/restaurantlaterrasse.nl\/wp-content\/uploads\/2024\/06\/LDDK-20240502-0028.jpg","width":1100,"height":1278},{"@type":"BreadcrumbList","@id":"https:\/\/restaurantlaterrasse.nl\/de\/wir-ueber-la-terrasse\/#breadcrumb","itemListElement":[{"@type":"ListItem","position":1,"name":"Home","item":"https:\/\/restaurantlaterrasse.nl\/de\/"},{"@type":"ListItem","position":2,"name":"\u00dcber La Terrasse"}]},{"@type":"WebSite","@id":"https:\/\/restaurantlaterrasse.nl\/de\/#website","url":"https:\/\/restaurantlaterrasse.nl\/de\/","name":"La Terrasse - Huis ter Duin Noordwijk","description":"Fine dining","publisher":{"@id":"https:\/\/restaurantlaterrasse.nl\/de\/#organization"},"potentialAction":[{"@type":"SearchAction","target":{"@type":"EntryPoint","urlTemplate":"https:\/\/restaurantlaterrasse.nl\/de\/?s={search_term_string}"},"query-input":{"@type":"PropertyValueSpecification","valueRequired":true,"valueName":"search_term_string"}}],"inLanguage":"de"},{"@type":"Organization","@id":"https:\/\/restaurantlaterrasse.nl\/de\/#organization","name":"Grand Hotel Huis ter Duin","url":"https:\/\/restaurantlaterrasse.nl\/de\/","logo":{"@type":"ImageObject","inLanguage":"de","@id":"https:\/\/restaurantlaterrasse.nl\/de\/#\/schema\/logo\/image\/","url":"","contentUrl":"","caption":"Grand Hotel Huis ter Duin"},"image":{"@id":"https:\/\/restaurantlaterrasse.nl\/de\/#\/schema\/logo\/image\/"}}]}},"_links":{"self":[{"href":"https:\/\/restaurantlaterrasse.nl\/de\/wp-json\/wp\/v2\/pages\/5110","targetHints":{"allow":["GET"]}}],"collection":[{"href":"https:\/\/restaurantlaterrasse.nl\/de\/wp-json\/wp\/v2\/pages"}],"about":[{"href":"https:\/\/restaurantlaterrasse.nl\/de\/wp-json\/wp\/v2\/types\/page"}],"author":[{"embeddable":true,"href":"https:\/\/restaurantlaterrasse.nl\/de\/wp-json\/wp\/v2\/users\/1"}],"replies":[{"embeddable":true,"href":"https:\/\/restaurantlaterrasse.nl\/de\/wp-json\/wp\/v2\/comments?post=5110"}],"version-history":[{"count":19,"href":"https:\/\/restaurantlaterrasse.nl\/de\/wp-json\/wp\/v2\/pages\/5110\/revisions"}],"predecessor-version":[{"id":7645,"href":"https:\/\/restaurantlaterrasse.nl\/de\/wp-json\/wp\/v2\/pages\/5110\/revisions\/7645"}],"wp:featuredmedia":[{"embeddable":true,"href":"https:\/\/restaurantlaterrasse.nl\/de\/wp-json\/wp\/v2\/media\/7413"}],"wp:attachment":[{"href":"https:\/\/restaurantlaterrasse.nl\/de\/wp-json\/wp\/v2\/media?parent=5110"}],"curies":[{"name":"wp","href":"https:\/\/api.w.org\/{rel}","templated":true}]}}