{"id":5288,"date":"2019-11-15T16:05:09","date_gmt":"2019-11-15T16:05:09","guid":{"rendered":"https:\/\/restaurantlaterrasse.nl\/sustainability\/"},"modified":"2022-12-15T13:55:17","modified_gmt":"2022-12-15T13:55:17","slug":"sustainability","status":"publish","type":"page","link":"https:\/\/restaurantlaterrasse.nl\/de\/sustainability\/","title":{"rendered":"Sustainability"},"content":{"rendered":"<p>Als Ikone an der niederl\u00e4ndischen K\u00fcste, hat das Grand Hotel Huis ter Duin zusammen mit der Brasserie La Terrasse eine gesellschaftliche Vorbildfunktion. Der Familie Noorlander ist es auch wichtig, den n\u00e4chsten Generationen etwas Sch\u00f6neres zu hinterlassen, genau wie im Familienunternehmen. Deshalb hat sich das Grand Hotel Huis ter Duin seit 2017 zum Ziel gesetzt, den besten Service und das sch\u00f6nste Produkt mit sozial verantwortlichem und nachhaltigem Unternehmertum zu verbinden. Dies ist im Mission Statement formuliert: Das Grand Hotel Huis ter Duin will bis 2025 zur europ\u00e4ischen Spitze der nachhaltigen Luxushotels geh\u00f6ren. Dieses Ideal kommt aus dem Herzen, wird aber von der Vernunft unterst\u00fctzt.<\/p>\n","protected":false},"excerpt":{"rendered":"<p>Als Ikone an der niederl\u00e4ndischen K\u00fcste, hat das Grand Hotel Huis ter Duin zusammen mit der Brasserie La Terrasse eine gesellschaftliche Vorbildfunktion. Der Familie Noorlander ist es auch wichtig, den n\u00e4chsten Generationen etwas Sch\u00f6neres zu hinterlassen, genau wie im Familienunternehmen. Deshalb hat sich das Grand Hotel Huis ter Duin seit 2017 zum Ziel gesetzt, den [&hellip;]<\/p>\n","protected":false},"author":1,"featured_media":0,"parent":0,"menu_order":0,"comment_status":"closed","ping_status":"closed","template":"page-sustainability.php","meta":{"_acf_changed":false,"footnotes":""},"class_list":["post-5288","page","type-page","status-publish","hentry"],"acf":[],"yoast_head":"<!-- This site is optimized with the Yoast SEO plugin v26.8 - https:\/\/yoast.com\/product\/yoast-seo-wordpress\/ -->\n<title>Sustainability - La Terrasse - Huis ter Duin Noordwijk Noordwijk aan Zee<\/title>\n<meta name=\"description\" content=\"Als icoon de Nederlandse\u00a0 kust heeft Grand Hotel Huis ter Duin een maatschappelijke voorbeeld functie.Daarom is sustainability een belangrijk onderdeel.\" \/>\n<meta name=\"robots\" content=\"index, follow, max-snippet:-1, max-image-preview:large, max-video-preview:-1\" \/>\n<link rel=\"canonical\" href=\"https:\/\/restaurantlaterrasse.nl\/de\/sustainability\/\" \/>\n<meta property=\"og:locale\" content=\"de_DE\" \/>\n<meta property=\"og:type\" content=\"article\" \/>\n<meta property=\"og:title\" content=\"Sustainability - La Terrasse - Huis ter Duin Noordwijk Noordwijk aan Zee\" \/>\n<meta property=\"og:description\" content=\"Als icoon de Nederlandse\u00a0 kust heeft Grand Hotel Huis ter Duin een maatschappelijke voorbeeld functie.Daarom is sustainability een belangrijk onderdeel.\" \/>\n<meta property=\"og:url\" content=\"https:\/\/restaurantlaterrasse.nl\/de\/sustainability\/\" \/>\n<meta property=\"og:site_name\" content=\"La Terrasse - Huis ter Duin Noordwijk\" \/>\n<meta property=\"article:modified_time\" content=\"2022-12-15T13:55:17+00:00\" \/>\n<meta name=\"twitter:card\" content=\"summary_large_image\" \/>\n<meta name=\"twitter:label1\" content=\"Gesch\u00e4tzte Lesezeit\" \/>\n\t<meta name=\"twitter:data1\" content=\"1\u00a0Minute\" \/>\n<!-- \/ Yoast SEO plugin. -->","yoast_head_json":{"title":"Sustainability - La Terrasse - Huis ter Duin Noordwijk Noordwijk aan Zee","description":"Als icoon de Nederlandse\u00a0 kust heeft Grand Hotel Huis ter Duin een maatschappelijke voorbeeld functie.Daarom is sustainability een belangrijk onderdeel.","robots":{"index":"index","follow":"follow","max-snippet":"max-snippet:-1","max-image-preview":"max-image-preview:large","max-video-preview":"max-video-preview:-1"},"canonical":"https:\/\/restaurantlaterrasse.nl\/de\/sustainability\/","og_locale":"de_DE","og_type":"article","og_title":"Sustainability - La Terrasse - Huis ter Duin Noordwijk Noordwijk aan Zee","og_description":"Als icoon de Nederlandse\u00a0 kust heeft Grand Hotel Huis ter Duin een maatschappelijke voorbeeld functie.Daarom is sustainability een belangrijk onderdeel.","og_url":"https:\/\/restaurantlaterrasse.nl\/de\/sustainability\/","og_site_name":"La Terrasse - Huis ter Duin Noordwijk","article_modified_time":"2022-12-15T13:55:17+00:00","twitter_card":"summary_large_image","twitter_misc":{"Gesch\u00e4tzte Lesezeit":"1\u00a0Minute"},"schema":{"@context":"https:\/\/schema.org","@graph":[{"@type":"WebPage","@id":"https:\/\/restaurantlaterrasse.nl\/de\/sustainability\/","url":"https:\/\/restaurantlaterrasse.nl\/de\/sustainability\/","name":"Sustainability - La Terrasse - Huis ter Duin Noordwijk Noordwijk aan Zee","isPartOf":{"@id":"https:\/\/restaurantlaterrasse.nl\/de\/#website"},"datePublished":"2019-11-15T16:05:09+00:00","dateModified":"2022-12-15T13:55:17+00:00","description":"Als icoon de Nederlandse\u00a0 kust heeft Grand Hotel Huis ter Duin een maatschappelijke voorbeeld functie.Daarom is sustainability een belangrijk onderdeel.","breadcrumb":{"@id":"https:\/\/restaurantlaterrasse.nl\/de\/sustainability\/#breadcrumb"},"inLanguage":"de","potentialAction":[{"@type":"ReadAction","target":["https:\/\/restaurantlaterrasse.nl\/de\/sustainability\/"]}]},{"@type":"BreadcrumbList","@id":"https:\/\/restaurantlaterrasse.nl\/de\/sustainability\/#breadcrumb","itemListElement":[{"@type":"ListItem","position":1,"name":"Home","item":"https:\/\/restaurantlaterrasse.nl\/de\/"},{"@type":"ListItem","position":2,"name":"Sustainability"}]},{"@type":"WebSite","@id":"https:\/\/restaurantlaterrasse.nl\/de\/#website","url":"https:\/\/restaurantlaterrasse.nl\/de\/","name":"La Terrasse - Huis ter Duin Noordwijk","description":"Fine dining","publisher":{"@id":"https:\/\/restaurantlaterrasse.nl\/de\/#organization"},"potentialAction":[{"@type":"SearchAction","target":{"@type":"EntryPoint","urlTemplate":"https:\/\/restaurantlaterrasse.nl\/de\/?s={search_term_string}"},"query-input":{"@type":"PropertyValueSpecification","valueRequired":true,"valueName":"search_term_string"}}],"inLanguage":"de"},{"@type":"Organization","@id":"https:\/\/restaurantlaterrasse.nl\/de\/#organization","name":"Grand Hotel Huis ter Duin","url":"https:\/\/restaurantlaterrasse.nl\/de\/","logo":{"@type":"ImageObject","inLanguage":"de","@id":"https:\/\/restaurantlaterrasse.nl\/de\/#\/schema\/logo\/image\/","url":"","contentUrl":"","caption":"Grand Hotel Huis ter Duin"},"image":{"@id":"https:\/\/restaurantlaterrasse.nl\/de\/#\/schema\/logo\/image\/"}}]}},"_links":{"self":[{"href":"https:\/\/restaurantlaterrasse.nl\/de\/wp-json\/wp\/v2\/pages\/5288","targetHints":{"allow":["GET"]}}],"collection":[{"href":"https:\/\/restaurantlaterrasse.nl\/de\/wp-json\/wp\/v2\/pages"}],"about":[{"href":"https:\/\/restaurantlaterrasse.nl\/de\/wp-json\/wp\/v2\/types\/page"}],"author":[{"embeddable":true,"href":"https:\/\/restaurantlaterrasse.nl\/de\/wp-json\/wp\/v2\/users\/1"}],"replies":[{"embeddable":true,"href":"https:\/\/restaurantlaterrasse.nl\/de\/wp-json\/wp\/v2\/comments?post=5288"}],"version-history":[{"count":6,"href":"https:\/\/restaurantlaterrasse.nl\/de\/wp-json\/wp\/v2\/pages\/5288\/revisions"}],"predecessor-version":[{"id":6100,"href":"https:\/\/restaurantlaterrasse.nl\/de\/wp-json\/wp\/v2\/pages\/5288\/revisions\/6100"}],"wp:attachment":[{"href":"https:\/\/restaurantlaterrasse.nl\/de\/wp-json\/wp\/v2\/media?parent=5288"}],"curies":[{"name":"wp","href":"https:\/\/api.w.org\/{rel}","templated":true}]}}