{"id":991,"date":"2019-11-11T14:28:57","date_gmt":"2019-11-11T14:28:57","guid":{"rendered":"http:\/\/htd.pebbler.be\/beruehrung\/"},"modified":"2026-04-01T15:41:20","modified_gmt":"2026-04-01T15:41:20","slug":"kontakt","status":"publish","type":"page","link":"https:\/\/restaurantlaterrasse.nl\/de\/kontakt\/","title":{"rendered":"Kontakt"},"content":{"rendered":"<address>\n<address>\u00a0<\/address>\n<address><strong>Parkplatz<\/strong><\/address>\n<\/address>\n<address>Sie k\u00f6nnen Ihr Auto auf dem Parkdeck oder in der Tiefgarage des Grand Hotel Huis ter Duin abstellen. Sie zahlen 4,00 \u20ac pro Stunde, wobei Sie bei Nutzung der Einrichtungen 50 % Erm\u00e4\u00dfigung auf das Parkticket erhalten. Das Grand Hotel Huis ter Duin verf\u00fcgt \u00fcber 20 Ladestationen f\u00fcr Elektroautos. Diese k\u00f6nnen Sie gegen eine Geb\u00fchr von 0,52 \u20ac pro kWh nutzen.<\/address>\n<address>Im Zusammenhang mit der vor\u00fcbergehenden Au\u00dferbetriebnahme der Panoramalifte empfehlen wir G\u00e4sten mit eingeschr\u00e4nkter Mobilit\u00e4t, auf dem Parkdeck zu parken, um eine m\u00f6glichst komfortable Ankunft zu gew\u00e4hrleisten.<\/address>\n<address>\u00a0<\/address>\n<address><strong>\u00d6ffentliche Verkehrsmittel<\/strong><\/address>\n<address>Sie k\u00f6nnen La Terrasse mit \u00f6ffentlichen Verkehrsmitteln erreichen. Die Buslinien 20, 23, 361 en 385 fahren an der Haltestelle &#8222;Pickeplein&#8220; vorbei. Vom Pickeplein aus sind es 5 Minuten zu Fu\u00df in Richtung La Terrasse, \u00fcber den Eingang des Grand Hotel Huis ter Duin. F\u00fcr weitere Informationen benutzen Sie die App 9292 oder die NS-App.<\/address>\n<address>\u00a0<\/address>\n<address><strong>Dogs<\/strong><\/address>\n<address>Ihr Hund ist nur auf der Au\u00dfenterrasse von La Terrasse willkommen. <a href=\"https:\/\/huisterduin.com\/arrangement\/i-love-my-pet\/?lang=de\">Hier<\/a> finden Sie die Hausregeln f\u00fcr freundliche vierbeinige Freunde.<br \/>\n<strong><br \/>\n<\/strong><\/address>\n<address><strong>200-\u20ac- &amp; 500-\u20ac-Scheine<br \/>\n<\/strong>Grand Hotel Huis ter Duin und\u00a0seine\u00a0Restaurants sind verpflichtet, f\u00fcr\u00a0jeden eingereichten 200\u20ac und\u00a0500\u20ac Schein einen Betrag von 5\u20ac an die Bank zu zahlen. Diese Kosten werden Ihnen\u00a0als Gast berechnet. Au\u00dferdem m\u00fcssen wir die Herkunft des Geldscheines anhand Ihres Namens und Ihrer ID-Nummer registrieren.Ihre ID-Nummer wird ausschlie\u00dflich f\u00fcr die Registrierung des Geldscheines verwendet.<\/address>\n<address>\u00a0<\/address>\n","protected":false},"excerpt":{"rendered":"<p>\u00a0 Parkplatz Sie k\u00f6nnen Ihr Auto auf dem Parkdeck oder in der Tiefgarage des Grand Hotel Huis ter Duin abstellen. Sie zahlen 4,00 \u20ac pro Stunde, wobei Sie bei Nutzung der Einrichtungen 50 % Erm\u00e4\u00dfigung auf das Parkticket erhalten. Das Grand Hotel Huis ter Duin verf\u00fcgt \u00fcber 20 Ladestationen f\u00fcr Elektroautos. Diese k\u00f6nnen Sie gegen [&hellip;]<\/p>\n","protected":false},"author":1,"featured_media":0,"parent":0,"menu_order":0,"comment_status":"closed","ping_status":"closed","template":"page-contact.php","meta":{"_acf_changed":false,"footnotes":""},"class_list":["post-991","page","type-page","status-publish","hentry"],"acf":[],"yoast_head":"<!-- This site is optimized with the Yoast SEO plugin v26.8 - https:\/\/yoast.com\/product\/yoast-seo-wordpress\/ -->\n<title>Kontakt - La Terrasse - Huis ter Duin Noordwijk<\/title>\n<meta name=\"description\" content=\"Haben Sie Fragen \u00fcber einer Reservierung oder COVID-19? Rufen Sie dann einfach bei uns an.\" \/>\n<meta name=\"robots\" content=\"index, follow, max-snippet:-1, max-image-preview:large, max-video-preview:-1\" \/>\n<link rel=\"canonical\" href=\"https:\/\/restaurantlaterrasse.nl\/de\/kontakt\/\" \/>\n<meta property=\"og:locale\" content=\"de_DE\" \/>\n<meta property=\"og:type\" content=\"article\" \/>\n<meta property=\"og:title\" content=\"Kontakt - La Terrasse - Huis ter Duin Noordwijk\" \/>\n<meta property=\"og:description\" content=\"Haben Sie Fragen \u00fcber einer Reservierung oder COVID-19? Rufen Sie dann einfach bei uns an.\" \/>\n<meta property=\"og:url\" content=\"https:\/\/restaurantlaterrasse.nl\/de\/kontakt\/\" \/>\n<meta property=\"og:site_name\" content=\"La Terrasse - Huis ter Duin Noordwijk\" \/>\n<meta property=\"article:modified_time\" content=\"2026-04-01T15:41:20+00:00\" \/>\n<meta name=\"twitter:card\" content=\"summary_large_image\" \/>\n<meta name=\"twitter:label1\" content=\"Gesch\u00e4tzte Lesezeit\" \/>\n\t<meta name=\"twitter:data1\" content=\"2\u00a0Minuten\" \/>\n<!-- \/ Yoast SEO plugin. -->","yoast_head_json":{"title":"Kontakt - La Terrasse - Huis ter Duin Noordwijk","description":"Haben Sie Fragen \u00fcber einer Reservierung oder COVID-19? Rufen Sie dann einfach bei uns an.","robots":{"index":"index","follow":"follow","max-snippet":"max-snippet:-1","max-image-preview":"max-image-preview:large","max-video-preview":"max-video-preview:-1"},"canonical":"https:\/\/restaurantlaterrasse.nl\/de\/kontakt\/","og_locale":"de_DE","og_type":"article","og_title":"Kontakt - La Terrasse - Huis ter Duin Noordwijk","og_description":"Haben Sie Fragen \u00fcber einer Reservierung oder COVID-19? Rufen Sie dann einfach bei uns an.","og_url":"https:\/\/restaurantlaterrasse.nl\/de\/kontakt\/","og_site_name":"La Terrasse - Huis ter Duin Noordwijk","article_modified_time":"2026-04-01T15:41:20+00:00","twitter_card":"summary_large_image","twitter_misc":{"Gesch\u00e4tzte Lesezeit":"2\u00a0Minuten"},"schema":{"@context":"https:\/\/schema.org","@graph":[{"@type":"WebPage","@id":"https:\/\/restaurantlaterrasse.nl\/de\/kontakt\/","url":"https:\/\/restaurantlaterrasse.nl\/de\/kontakt\/","name":"Kontakt - La Terrasse - Huis ter Duin Noordwijk","isPartOf":{"@id":"https:\/\/restaurantlaterrasse.nl\/de\/#website"},"datePublished":"2019-11-11T14:28:57+00:00","dateModified":"2026-04-01T15:41:20+00:00","description":"Haben Sie Fragen \u00fcber einer Reservierung oder COVID-19? Rufen Sie dann einfach bei uns an.","breadcrumb":{"@id":"https:\/\/restaurantlaterrasse.nl\/de\/kontakt\/#breadcrumb"},"inLanguage":"de","potentialAction":[{"@type":"ReadAction","target":["https:\/\/restaurantlaterrasse.nl\/de\/kontakt\/"]}]},{"@type":"BreadcrumbList","@id":"https:\/\/restaurantlaterrasse.nl\/de\/kontakt\/#breadcrumb","itemListElement":[{"@type":"ListItem","position":1,"name":"Home","item":"https:\/\/restaurantlaterrasse.nl\/de\/"},{"@type":"ListItem","position":2,"name":"Kontakt"}]},{"@type":"WebSite","@id":"https:\/\/restaurantlaterrasse.nl\/de\/#website","url":"https:\/\/restaurantlaterrasse.nl\/de\/","name":"La Terrasse - Huis ter Duin Noordwijk","description":"Fine dining","publisher":{"@id":"https:\/\/restaurantlaterrasse.nl\/de\/#organization"},"potentialAction":[{"@type":"SearchAction","target":{"@type":"EntryPoint","urlTemplate":"https:\/\/restaurantlaterrasse.nl\/de\/?s={search_term_string}"},"query-input":{"@type":"PropertyValueSpecification","valueRequired":true,"valueName":"search_term_string"}}],"inLanguage":"de"},{"@type":"Organization","@id":"https:\/\/restaurantlaterrasse.nl\/de\/#organization","name":"Grand Hotel Huis ter Duin","url":"https:\/\/restaurantlaterrasse.nl\/de\/","logo":{"@type":"ImageObject","inLanguage":"de","@id":"https:\/\/restaurantlaterrasse.nl\/de\/#\/schema\/logo\/image\/","url":"","contentUrl":"","caption":"Grand Hotel Huis ter Duin"},"image":{"@id":"https:\/\/restaurantlaterrasse.nl\/de\/#\/schema\/logo\/image\/"}}]}},"_links":{"self":[{"href":"https:\/\/restaurantlaterrasse.nl\/de\/wp-json\/wp\/v2\/pages\/991","targetHints":{"allow":["GET"]}}],"collection":[{"href":"https:\/\/restaurantlaterrasse.nl\/de\/wp-json\/wp\/v2\/pages"}],"about":[{"href":"https:\/\/restaurantlaterrasse.nl\/de\/wp-json\/wp\/v2\/types\/page"}],"author":[{"embeddable":true,"href":"https:\/\/restaurantlaterrasse.nl\/de\/wp-json\/wp\/v2\/users\/1"}],"replies":[{"embeddable":true,"href":"https:\/\/restaurantlaterrasse.nl\/de\/wp-json\/wp\/v2\/comments?post=991"}],"version-history":[{"count":62,"href":"https:\/\/restaurantlaterrasse.nl\/de\/wp-json\/wp\/v2\/pages\/991\/revisions"}],"predecessor-version":[{"id":7954,"href":"https:\/\/restaurantlaterrasse.nl\/de\/wp-json\/wp\/v2\/pages\/991\/revisions\/7954"}],"wp:attachment":[{"href":"https:\/\/restaurantlaterrasse.nl\/de\/wp-json\/wp\/v2\/media?parent=991"}],"curies":[{"name":"wp","href":"https:\/\/api.w.org\/{rel}","templated":true}]}}